{"id":160,"date":"2021-06-07T12:52:08","date_gmt":"2021-06-07T12:52:08","guid":{"rendered":"https:\/\/wordpress-486973-1956704.cloudwaysapps.com\/?page_id=160"},"modified":"2024-12-10T08:23:48","modified_gmt":"2024-12-10T08:23:48","slug":"indicaciones","status":"publish","type":"page","link":"https:\/\/malecotosteopatiabarcelona.com\/ca\/indicaciones\/","title":{"rendered":"Indicacions"},"content":{"rendered":"<div data-elementor-type=\"wp-page\" data-elementor-id=\"160\" class=\"elementor elementor-160\" data-elementor-post-type=\"page\">\n\t\t\t\t\t\t<section class=\"elementor-section elementor-top-section elementor-element elementor-element-76177a3 elementor-section-boxed elementor-section-height-default elementor-section-height-default\" data-id=\"76177a3\" data-element_type=\"section\" data-e-type=\"section\">\n\t\t\t\t\t\t<div class=\"elementor-container elementor-column-gap-default\">\n\t\t\t\t\t<div class=\"elementor-column elementor-col-100 elementor-top-column elementor-element elementor-element-8c5ed24\" data-id=\"8c5ed24\" data-element_type=\"column\" data-e-type=\"column\">\n\t\t\t<div class=\"elementor-widget-wrap elementor-element-populated\">\n\t\t\t\t\t\t<div class=\"elementor-element elementor-element-ea7d017 elementor-widget elementor-widget-heading\" data-id=\"ea7d017\" data-element_type=\"widget\" data-e-type=\"widget\" data-widget_type=\"heading.default\">\n\t\t\t\t\t<h1 class=\"elementor-heading-title elementor-size-default\">Les indicacions<\/h1>\t\t\t\t<\/div>\n\t\t\t\t<div class=\"elementor-element elementor-element-f029409 elementor-widget elementor-widget-text-editor\" data-id=\"f029409\" data-element_type=\"widget\" data-e-type=\"widget\" data-widget_type=\"text-editor.default\">\n\t\t\t\t\t\t\t\t\t<p>Treballem principalment sobre els anomenats desequilibris \u201cfuncionals\u201d, \u00e9s a dir, abans que es produeixi la patologia o la malaltia.<\/p><p>El nostre enfocament \u00e9s complementari amb altres medicaments (alopatia, homeopatia, acupuntura, etc.).<\/p>\t\t\t\t\t\t\t\t<\/div>\n\t\t\t\t<div class=\"elementor-element elementor-element-d9d6a87 elementor-widget elementor-widget-heading\" data-id=\"d9d6a87\" data-element_type=\"widget\" data-e-type=\"widget\" data-widget_type=\"heading.default\">\n\t\t\t\t\t<h2 class=\"elementor-heading-title elementor-size-default\">L'ampli camp d'aplicaci\u00f3 de l'Osteopatia<\/h2>\t\t\t\t<\/div>\n\t\t\t\t\t<\/div>\n\t\t<\/div>\n\t\t\t\t\t<\/div>\n\t\t<\/section>\n\t\t\t\t<section class=\"elementor-section elementor-top-section elementor-element elementor-element-a6c48f6 elementor-section-boxed elementor-section-height-default elementor-section-height-default\" data-id=\"a6c48f6\" data-element_type=\"section\" data-e-type=\"section\">\n\t\t\t\t\t\t<div class=\"elementor-container elementor-column-gap-default\">\n\t\t\t\t\t<div class=\"elementor-column elementor-col-50 elementor-top-column elementor-element elementor-element-e735bf7\" data-id=\"e735bf7\" data-element_type=\"column\" data-e-type=\"column\">\n\t\t\t<div class=\"elementor-widget-wrap elementor-element-populated\">\n\t\t\t\t\t\t<div class=\"elementor-element elementor-element-84f8898 elementor-invisible elementor-widget elementor-widget-image\" data-id=\"84f8898\" data-element_type=\"widget\" data-e-type=\"widget\" data-settings=\"{&quot;_animation&quot;:&quot;fadeInDown&quot;,&quot;_animation_delay&quot;:200}\" data-widget_type=\"image.default\">\n\t\t\t\t\t\t\t\t\t\t\t\t\t\t\t<img fetchpriority=\"high\" decoding=\"async\" width=\"683\" height=\"1024\" src=\"https:\/\/malecotosteopatiabarcelona.com\/wp-content\/uploads\/2021\/06\/Cabinet_Malecot-98-min-683x1024.jpg\" class=\"attachment-large size-large wp-image-367\" alt=\"Marina Mal\u00e9cot fa un tractament d&#039;osteopatia adults\" srcset=\"https:\/\/malecotosteopatiabarcelona.com\/wp-content\/uploads\/2021\/06\/Cabinet_Malecot-98-min-683x1024.jpg 683w, https:\/\/malecotosteopatiabarcelona.com\/wp-content\/uploads\/2021\/06\/Cabinet_Malecot-98-min-200x300.jpg 200w, https:\/\/malecotosteopatiabarcelona.com\/wp-content\/uploads\/2021\/06\/Cabinet_Malecot-98-min-768x1152.jpg 768w, https:\/\/malecotosteopatiabarcelona.com\/wp-content\/uploads\/2021\/06\/Cabinet_Malecot-98-min-1024x1536.jpg 1024w, https:\/\/malecotosteopatiabarcelona.com\/wp-content\/uploads\/2021\/06\/Cabinet_Malecot-98-min-1365x2048.jpg 1365w, https:\/\/malecotosteopatiabarcelona.com\/wp-content\/uploads\/2021\/06\/Cabinet_Malecot-98-min-scaled.jpg 1707w\" sizes=\"(max-width: 683px) 100vw, 683px\" title=\"\">\t\t\t\t\t\t\t\t\t\t\t\t\t\t\t<\/div>\n\t\t\t\t\t<\/div>\n\t\t<\/div>\n\t\t\t\t<div class=\"elementor-column elementor-col-50 elementor-top-column elementor-element elementor-element-66fd420\" data-id=\"66fd420\" data-element_type=\"column\" data-e-type=\"column\">\n\t\t\t<div class=\"elementor-widget-wrap elementor-element-populated\">\n\t\t\t\t\t\t<div class=\"elementor-element elementor-element-2116a29 elementor-widget elementor-widget-heading\" data-id=\"2116a29\" data-element_type=\"widget\" data-e-type=\"widget\" data-widget_type=\"heading.default\">\n\t\t\t\t\t<h3 class=\"elementor-heading-title elementor-size-default\">Dolor global<\/h3>\t\t\t\t<\/div>\n\t\t\t\t<div class=\"elementor-element elementor-element-29ba305 elementor-widget elementor-widget-text-editor\" data-id=\"29ba305\" data-element_type=\"widget\" data-e-type=\"widget\" data-widget_type=\"text-editor.default\">\n\t\t\t\t\t\t\t\t\t<p>Estr\u00e8s, ansietat, insomni, mala qualitat del son, baixa vitalitat, caigudes, accidents de tr\u00e0nsit, caigudes violentes, xocs emocionals\u2026<\/p>\t\t\t\t\t\t\t\t<\/div>\n\t\t\t\t<div class=\"elementor-element elementor-element-b1fcfe7 elementor-widget elementor-widget-heading\" data-id=\"b1fcfe7\" data-element_type=\"widget\" data-e-type=\"widget\" data-widget_type=\"heading.default\">\n\t\t\t\t\t<h3 class=\"elementor-heading-title elementor-size-default\">Problemes digestius<\/h3>\t\t\t\t<\/div>\n\t\t\t\t<div class=\"elementor-element elementor-element-d74b616 elementor-widget elementor-widget-text-editor\" data-id=\"d74b616\" data-element_type=\"widget\" data-e-type=\"widget\" data-widget_type=\"text-editor.default\">\n\t\t\t\t\t\t\t\t\t<div class=\"elementor-element elementor-element-d74b616 elementor-widget elementor-widget-text-editor\" data-id=\"d74b616\" data-element_type=\"widget\" data-widget_type=\"text-editor.default\"><div class=\"elementor-widget-container\"><p>Restrenyiment, diarrea, acidesa, sensaci\u00f3 de pesadesa, gasos, digesti\u00f3 lenta i dif\u00edcil\u2026<\/p><\/div><\/div><div class=\"elementor-element elementor-element-06caa58 elementor-widget elementor-widget-heading\" data-id=\"06caa58\" data-element_type=\"widget\" data-widget_type=\"heading.default\"><div class=\"elementor-widget-container\">\u00a0<\/div><\/div>\t\t\t\t\t\t\t\t<\/div>\n\t\t\t\t<div class=\"elementor-element elementor-element-06caa58 elementor-widget elementor-widget-heading\" data-id=\"06caa58\" data-element_type=\"widget\" data-e-type=\"widget\" data-widget_type=\"heading.default\">\n\t\t\t\t\t<h3 class=\"elementor-heading-title elementor-size-default\">Dolor osteoarticular\n<\/h3>\t\t\t\t<\/div>\n\t\t\t\t<div class=\"elementor-element elementor-element-8135092 elementor-widget elementor-widget-text-editor\" data-id=\"8135092\" data-element_type=\"widget\" data-e-type=\"widget\" data-widget_type=\"text-editor.default\">\n\t\t\t\t\t\t\t\t\t<p>A nivell de l'eix central: cervicalgies, lumbalgies, dorsalgies, h\u00e8rnies discals, ci\u00e0tiques, cruralgies, neuralgies cervico-braquials,...<br \/><br \/>A les extremitats: artrosi i dolor al turmell, genoll, maluc, canell, colze, espatlla, etc.<\/p>\t\t\t\t\t\t\t\t<\/div>\n\t\t\t\t<div class=\"elementor-element elementor-element-bea6836 elementor-widget elementor-widget-heading\" data-id=\"bea6836\" data-element_type=\"widget\" data-e-type=\"widget\" data-widget_type=\"heading.default\">\n\t\t\t\t\t<h3 class=\"elementor-heading-title elementor-size-default\">Problemes cranials\n<\/h3>\t\t\t\t<\/div>\n\t\t\t\t<div class=\"elementor-element elementor-element-987650b elementor-widget elementor-widget-text-editor\" data-id=\"987650b\" data-element_type=\"widget\" data-e-type=\"widget\" data-widget_type=\"text-editor.default\">\n\t\t\t\t\t\t\t\t\t<p>Maldecaps, migranyes, vert\u00edgens, tinnitus recent, blocs de l'articulaci\u00f3 temporomandibular, tensi\u00f3 ocular, desprendiments de peces dentals com a conseq\u00fc\u00e8ncia de l'\u00fas d'ortod\u00f2ncia,...<\/p>\t\t\t\t\t\t\t\t<\/div>\n\t\t\t\t<div class=\"elementor-element elementor-element-746b6cb elementor-widget elementor-widget-heading\" data-id=\"746b6cb\" data-element_type=\"widget\" data-e-type=\"widget\" data-widget_type=\"heading.default\">\n\t\t\t\t\t<h3 class=\"elementor-heading-title elementor-size-default\">Problemes otorrinolaringol\u00f2gics cr\u00f2nics<\/h3>\t\t\t\t<\/div>\n\t\t\t\t<div class=\"elementor-element elementor-element-535db06 elementor-widget elementor-widget-text-editor\" data-id=\"535db06\" data-element_type=\"widget\" data-e-type=\"widget\" data-widget_type=\"text-editor.default\">\n\t\t\t\t\t\t\t\t\t<p>Angina, sinusitis, tos, problemes respiratoris, ac\u00fafens, bronquitis cr\u00f2nica, infeccions d'o\u00efda\u2026<\/p>\t\t\t\t\t\t\t\t<\/div>\n\t\t\t\t\t<\/div>\n\t\t<\/div>\n\t\t\t\t\t<\/div>\n\t\t<\/section>\n\t\t\t\t<section class=\"elementor-section elementor-top-section elementor-element elementor-element-65117c0 elementor-section-boxed elementor-section-height-default elementor-section-height-default\" data-id=\"65117c0\" data-element_type=\"section\" data-e-type=\"section\">\n\t\t\t\t\t\t<div class=\"elementor-container elementor-column-gap-default\">\n\t\t\t\t\t<div class=\"elementor-column elementor-col-50 elementor-top-column elementor-element elementor-element-f323861\" data-id=\"f323861\" data-element_type=\"column\" data-e-type=\"column\">\n\t\t\t<div class=\"elementor-widget-wrap elementor-element-populated\">\n\t\t\t\t\t\t<div class=\"elementor-element elementor-element-bed596f elementor-widget elementor-widget-heading\" data-id=\"bed596f\" data-element_type=\"widget\" data-e-type=\"widget\" data-widget_type=\"heading.default\">\n\t\t\t\t\t<h3 class=\"elementor-heading-title elementor-size-default\">Problemes uroginecol\u00f2gics\n<\/h3>\t\t\t\t<\/div>\n\t\t\t\t<div class=\"elementor-element elementor-element-3b1a22e elementor-widget elementor-widget-text-editor\" data-id=\"3b1a22e\" data-element_type=\"widget\" data-e-type=\"widget\" data-widget_type=\"text-editor.default\">\n\t\t\t\t\t\t\t\t\t<p>Regles doloroses, amenorrea, dismenorrea, cistitis cr\u00f2nica, micci\u00f3 freq\u00fcent, problemes sexuals...<\/p>\t\t\t\t\t\t\t\t<\/div>\n\t\t\t\t<div class=\"elementor-element elementor-element-510f07a elementor-widget elementor-widget-heading\" data-id=\"510f07a\" data-element_type=\"widget\" data-e-type=\"widget\" data-widget_type=\"heading.default\">\n\t\t\t\t\t<h3 class=\"elementor-heading-title elementor-size-default\">Dolor en les dones embarassades\n<\/h3>\t\t\t\t<\/div>\n\t\t\t\t<div class=\"elementor-element elementor-element-a9fd438 elementor-widget elementor-widget-text-editor\" data-id=\"a9fd438\" data-element_type=\"widget\" data-e-type=\"widget\" data-widget_type=\"text-editor.default\">\n\t\t\t\t\t\t\t\t\t<p>Ci\u00e0tica, mal d'esquena, n\u00e0usees, acidesa, mol\u00e8sties respirat\u00f2ries, fatiga, dolor de lligaments, micci\u00f3 freq\u00fcent, preparaci\u00f3 al part...<\/p>\t\t\t\t\t\t\t\t<\/div>\n\t\t\t\t<div class=\"elementor-element elementor-element-1f246dc elementor-widget elementor-widget-heading\" data-id=\"1f246dc\" data-element_type=\"widget\" data-e-type=\"widget\" data-widget_type=\"heading.default\">\n\t\t\t\t\t<h3 class=\"elementor-heading-title elementor-size-default\">En els nadons\n\n<\/h3>\t\t\t\t<\/div>\n\t\t\t\t<div class=\"elementor-element elementor-element-adbab63 elementor-widget elementor-widget-text-editor\" data-id=\"adbab63\" data-element_type=\"widget\" data-e-type=\"widget\" data-widget_type=\"text-editor.default\">\n\t\t\t\t\t\t\t\t\t<div class=\"elementor-element elementor-element-adbab63 elementor-widget elementor-widget-text-editor\" data-id=\"adbab63\" data-element_type=\"widget\" data-widget_type=\"text-editor.default\"><div class=\"elementor-widget-container\"><p>Embar\u00e0s dif\u00edcil: complicacions i estr\u00e8s viscuts per la mare.<\/p><p>Part complicat: ces\u00e0ria d'urg\u00e8ncia, part llarg (+12 hores), esp\u00e0tules, ventoses, f\u00f2rceps.<\/p><\/div><\/div><div class=\"elementor-element elementor-element-646225a elementor-widget elementor-widget-heading\" data-id=\"646225a\" data-element_type=\"widget\" data-widget_type=\"heading.default\"><div class=\"elementor-widget-container\">\u00a0<\/div><\/div>\t\t\t\t\t\t\t\t<\/div>\n\t\t\t\t<div class=\"elementor-element elementor-element-646225a elementor-widget elementor-widget-heading\" data-id=\"646225a\" data-element_type=\"widget\" data-e-type=\"widget\" data-widget_type=\"heading.default\">\n\t\t\t\t\t<h3 class=\"elementor-heading-title elementor-size-default\">Beb\u00e9\n<\/h3>\t\t\t\t<\/div>\n\t\t\t\t<div class=\"elementor-element elementor-element-fd2d8c6 elementor-widget elementor-widget-text-editor\" data-id=\"fd2d8c6\" data-element_type=\"widget\" data-e-type=\"widget\" data-widget_type=\"text-editor.default\">\n\t\t\t\t\t\t\t\t\t<p>Plors sense motiu aparent, inclinaci\u00f3 cap enrere, tensi\u00f3 nerviosa i corporal, desperts nocturns, problemes de succi\u00f3: el nad\u00f3 tira fort del mugr\u00f3 o s'adorm r\u00e0pidament al pit (menys de 5 minuts). <br \/><br \/>Torticolis (el cap sempre del mateix costat), crani deformat: pl Practicecef\u00e0lia, regurgitaci\u00f3, c\u00f2lics, dificultats respirat\u00f2ries, ulls plorosos.<\/p>\t\t\t\t\t\t\t\t<\/div>\n\t\t\t\t<div class=\"elementor-element elementor-element-7f4f9fc elementor-widget elementor-widget-heading\" data-id=\"7f4f9fc\" data-element_type=\"widget\" data-e-type=\"widget\" data-widget_type=\"heading.default\">\n\t\t\t\t\t<h3 class=\"elementor-heading-title elementor-size-default\">Problemes de l'infant\n<\/h3>\t\t\t\t<\/div>\n\t\t\t\t<div class=\"elementor-element elementor-element-92b0c22 elementor-widget elementor-widget-text-editor\" data-id=\"92b0c22\" data-element_type=\"widget\" data-e-type=\"widget\" data-widget_type=\"text-editor.default\">\n\t\t\t\t\t\t\t\t\t<div class=\"elementor-element elementor-element-92b0c22 elementor-widget elementor-widget-text-editor\" data-id=\"92b0c22\" data-element_type=\"widget\" data-widget_type=\"text-editor.default\"><div class=\"elementor-widget-container\"><p>Inestabilitat escolar i trastorns del car\u00e0cter, nerviosisme, agressivitat, p\u00e8rdua de concentraci\u00f3, conseq\u00fc\u00e8ncies dels aparells\u2026<\/p><\/div><\/div><div class=\"elementor-element elementor-element-fb7aa55 elementor-widget elementor-widget-heading\" data-id=\"fb7aa55\" data-element_type=\"widget\" data-widget_type=\"heading.default\"><div class=\"elementor-widget-container\">\u00a0<\/div><\/div>\t\t\t\t\t\t\t\t<\/div>\n\t\t\t\t<div class=\"elementor-element elementor-element-fb7aa55 elementor-widget elementor-widget-heading\" data-id=\"fb7aa55\" data-element_type=\"widget\" data-e-type=\"widget\" data-widget_type=\"heading.default\">\n\t\t\t\t\t<h3 class=\"elementor-heading-title elementor-size-default\">Problemes de l'esportista\n<\/h3>\t\t\t\t<\/div>\n\t\t\t\t<div class=\"elementor-element elementor-element-045c1df elementor-widget elementor-widget-text-editor\" data-id=\"045c1df\" data-element_type=\"widget\" data-e-type=\"widget\" data-widget_type=\"text-editor.default\">\n\t\t\t\t\t\t\t\t\t<div class=\"elementor-column elementor-col-50 elementor-top-column elementor-element elementor-element-f323861\" data-id=\"f323861\" data-element_type=\"column\"><div class=\"elementor-widget-wrap elementor-element-populated\"><div class=\"elementor-element elementor-element-045c1df elementor-widget elementor-widget-text-editor\" data-id=\"045c1df\" data-element_type=\"widget\" data-widget_type=\"text-editor.default\"><div class=\"elementor-widget-container\"><p>Esquin\u00e7os, esquin\u00e7os de lligaments, estrips musculars, bloquejos articulars, costelles bloquejades, etc.<\/p><\/div><\/div><\/div><\/div><div class=\"elementor-column elementor-col-50 elementor-top-column elementor-element elementor-element-bc4a1aa\" data-id=\"bc4a1aa\" data-element_type=\"column\"><div class=\"elementor-widget-wrap elementor-element-populated\"><div class=\"elementor-element elementor-element-bc3bd2c elementor-widget elementor-widget-image animated fadeInDown\" data-id=\"bc3bd2c\" data-element_type=\"widget\" data-settings=\"{&quot;_animation&quot;:&quot;fadeInDown&quot;,&quot;_animation_delay&quot;:200}\" data-widget_type=\"image.default\">\u00a0<\/div><\/div><\/div>\t\t\t\t\t\t\t\t<\/div>\n\t\t\t\t\t<\/div>\n\t\t<\/div>\n\t\t\t\t<div class=\"elementor-column elementor-col-50 elementor-top-column elementor-element elementor-element-bc4a1aa\" data-id=\"bc4a1aa\" data-element_type=\"column\" data-e-type=\"column\">\n\t\t\t<div class=\"elementor-widget-wrap elementor-element-populated\">\n\t\t\t\t\t\t<div class=\"elementor-element elementor-element-bc3bd2c elementor-invisible elementor-widget elementor-widget-image\" data-id=\"bc3bd2c\" data-element_type=\"widget\" data-e-type=\"widget\" data-settings=\"{&quot;_animation&quot;:&quot;fadeInDown&quot;,&quot;_animation_delay&quot;:200}\" data-widget_type=\"image.default\">\n\t\t\t\t\t\t\t\t\t\t\t\t\t\t\t<img decoding=\"async\" width=\"683\" height=\"1024\" src=\"https:\/\/malecotosteopatiabarcelona.com\/wp-content\/uploads\/2021\/06\/Cabinet_Malecot-113-min-683x1024.jpg\" class=\"attachment-large size-large wp-image-368\" alt=\"Nicolas Mal\u00e9cot oste\u00f2pata Barcelona osteopatia biodin\u00e0mica\" srcset=\"https:\/\/malecotosteopatiabarcelona.com\/wp-content\/uploads\/2021\/06\/Cabinet_Malecot-113-min-683x1024.jpg 683w, https:\/\/malecotosteopatiabarcelona.com\/wp-content\/uploads\/2021\/06\/Cabinet_Malecot-113-min-200x300.jpg 200w, https:\/\/malecotosteopatiabarcelona.com\/wp-content\/uploads\/2021\/06\/Cabinet_Malecot-113-min-768x1152.jpg 768w, https:\/\/malecotosteopatiabarcelona.com\/wp-content\/uploads\/2021\/06\/Cabinet_Malecot-113-min-1024x1536.jpg 1024w, https:\/\/malecotosteopatiabarcelona.com\/wp-content\/uploads\/2021\/06\/Cabinet_Malecot-113-min-1365x2048.jpg 1365w, https:\/\/malecotosteopatiabarcelona.com\/wp-content\/uploads\/2021\/06\/Cabinet_Malecot-113-min-scaled.jpg 1707w\" sizes=\"(max-width: 683px) 100vw, 683px\" title=\"\">\t\t\t\t\t\t\t\t\t\t\t\t\t\t\t<\/div>\n\t\t\t\t<div class=\"elementor-element elementor-element-66c8477 elementor-widget elementor-widget-text-editor\" data-id=\"66c8477\" data-element_type=\"widget\" data-e-type=\"widget\" data-widget_type=\"text-editor.default\">\n\t\t\t\t\t\t\t\t\t<p>Sempre hem treballat estretament amb metges i terapeutes. Depenent del motiu de la seva consulta, el remetrem al terapeuta adequat si ho desitja, a m\u00e9s del seu tractament osteop\u00e0tic.<\/p><p><br \/>Fisioter\u00e0pia, Acupuntura, Homeopatia, Dentistes Hol\u00edstics, Psic\u00f2legs Gestalt, Naturopatia i altres, per ajudar-lo de la millor manera.<\/p>\t\t\t\t\t\t\t\t<\/div>\n\t\t\t\t\t<\/div>\n\t\t<\/div>\n\t\t\t\t\t<\/div>\n\t\t<\/section>\n\t\t\t\t<section class=\"elementor-section elementor-top-section elementor-element elementor-element-3cc23e2 elementor-section-boxed elementor-section-height-default elementor-section-height-default\" data-id=\"3cc23e2\" data-element_type=\"section\" data-e-type=\"section\">\n\t\t\t\t\t\t<div class=\"elementor-container elementor-column-gap-default\">\n\t\t\t\t\t<div class=\"elementor-column elementor-col-100 elementor-top-column elementor-element elementor-element-97095bb\" data-id=\"97095bb\" data-element_type=\"column\" data-e-type=\"column\">\n\t\t\t<div class=\"elementor-widget-wrap elementor-element-populated\">\n\t\t\t\t\t\t<div class=\"elementor-element elementor-element-c018b8d elementor-widget elementor-widget-heading\" data-id=\"c018b8d\" data-element_type=\"widget\" data-e-type=\"widget\" data-widget_type=\"heading.default\">\n\t\t\t\t\t<h2 class=\"elementor-heading-title elementor-size-default\">Reserva una cita\n<\/h2>\t\t\t\t<\/div>\n\t\t\t\t<div class=\"elementor-element elementor-element-8422f3a elementor-widget elementor-widget-text-editor\" data-id=\"8422f3a\" data-element_type=\"widget\" data-e-type=\"widget\" data-widget_type=\"text-editor.default\">\n\t\t\t\t\t\t\t\t\t<div class=\"elementor-element elementor-element-8422f3a elementor-widget elementor-widget-text-editor\" data-id=\"8422f3a\" data-element_type=\"widget\" data-widget_type=\"text-editor.default\"><div class=\"elementor-widget-container\"><p>Es pot demanar cita per tel\u00e8fon o per WhatsApp.<\/p><\/div><\/div><div class=\"elementor-element elementor-element-99a157b elementor-tablet-align-center elementor-align-center elementor-widget elementor-widget-button\" data-id=\"99a157b\" data-element_type=\"widget\" data-widget_type=\"button.default\"><div class=\"elementor-widget-container\"><div class=\"elementor-button-wrapper\">\u00a0<\/div><\/div><\/div>\t\t\t\t\t\t\t\t<\/div>\n\t\t\t\t<div class=\"elementor-element elementor-element-99a157b elementor-tablet-align-center elementor-align-center elementor-widget elementor-widget-button\" data-id=\"99a157b\" data-element_type=\"widget\" data-e-type=\"widget\" data-widget_type=\"button.default\">\n\t\t\t\t\t\t\t\t\t\t<a class=\"elementor-button elementor-button-link elementor-size-lg\" href=\"https:\/\/www.doctoralia.es\/clinicas\/malecot-osteopatia\" target=\"_blank\" rel=\"noopener\">\n\t\t\t\t\t\t<span class=\"elementor-button-content-wrapper\">\n\t\t\t\t\t\t\t\t\t<span class=\"elementor-button-text\">Reserva una cita<\/span>\n\t\t\t\t\t<\/span>\n\t\t\t\t\t<\/a>\n\t\t\t\t\t\t\t\t<\/div>\n\t\t\t\t\t<\/div>\n\t\t<\/div>\n\t\t\t\t\t<\/div>\n\t\t<\/section>\n\t\t\t\t<\/div>","protected":false},"excerpt":{"rendered":"<p>Las indicaciones Trabajamos principalmente sobre los llamados desequilibrios \u201cfuncionales\u201d, es decir, antes de que se produzca la patolog\u00eda o la enfermedad. Nuestro enfoque es complementario con otros medicamentos (alopat\u00eda, homeopat\u00eda, acupuntura, etc.). El amplio campo de aplicaci\u00f3n de la Osteopat\u00eda Dolor global Estr\u00e9s, ansiedad, insomnio, mala calidad del sue\u00f1o, baja vitalidad, ca\u00eddas, accidentes de tr\u00e1fico, [&hellip;]<\/p>\n","protected":false},"author":1,"featured_media":0,"parent":0,"menu_order":0,"comment_status":"closed","ping_status":"closed","template":"","meta":{"_joinchat":[],"footnotes":""},"class_list":["post-160","page","type-page","status-publish","hentry"],"_links":{"self":[{"href":"https:\/\/malecotosteopatiabarcelona.com\/ca\/wp-json\/wp\/v2\/pages\/160","targetHints":{"allow":["GET"]}}],"collection":[{"href":"https:\/\/malecotosteopatiabarcelona.com\/ca\/wp-json\/wp\/v2\/pages"}],"about":[{"href":"https:\/\/malecotosteopatiabarcelona.com\/ca\/wp-json\/wp\/v2\/types\/page"}],"author":[{"embeddable":true,"href":"https:\/\/malecotosteopatiabarcelona.com\/ca\/wp-json\/wp\/v2\/users\/1"}],"replies":[{"embeddable":true,"href":"https:\/\/malecotosteopatiabarcelona.com\/ca\/wp-json\/wp\/v2\/comments?post=160"}],"version-history":[{"count":84,"href":"https:\/\/malecotosteopatiabarcelona.com\/ca\/wp-json\/wp\/v2\/pages\/160\/revisions"}],"predecessor-version":[{"id":4640,"href":"https:\/\/malecotosteopatiabarcelona.com\/ca\/wp-json\/wp\/v2\/pages\/160\/revisions\/4640"}],"wp:attachment":[{"href":"https:\/\/malecotosteopatiabarcelona.com\/ca\/wp-json\/wp\/v2\/media?parent=160"}],"curies":[{"name":"wp","href":"https:\/\/api.w.org\/{rel}","templated":true}]}}