{"id":2029,"date":"2024-01-09T09:24:57","date_gmt":"2024-01-09T09:24:57","guid":{"rendered":"https:\/\/staging2.flowragency.be\/?page_id=2029"},"modified":"2024-04-03T08:16:46","modified_gmt":"2024-04-03T08:16:46","slug":"bloc","status":"publish","type":"page","link":"https:\/\/malecotosteopatiabarcelona.com\/ca\/blog\/","title":{"rendered":"Bloc"},"content":{"rendered":"<div data-elementor-type=\"wp-page\" data-elementor-id=\"2029\" class=\"elementor elementor-2029\" data-elementor-post-type=\"page\">\n\t\t\t\t\t\t<section class=\"elementor-section elementor-top-section elementor-element elementor-element-eeb310d elementor-section-boxed elementor-section-height-default elementor-section-height-default\" data-id=\"eeb310d\" data-element_type=\"section\" data-e-type=\"section\">\n\t\t\t\t\t\t<div class=\"elementor-container elementor-column-gap-default\">\n\t\t\t\t\t<div class=\"elementor-column elementor-col-100 elementor-top-column elementor-element elementor-element-986f385\" data-id=\"986f385\" data-element_type=\"column\" data-e-type=\"column\">\n\t\t\t<div class=\"elementor-widget-wrap elementor-element-populated\">\n\t\t\t\t\t\t<div class=\"elementor-element elementor-element-619ca50 elementor-widget elementor-widget-heading\" data-id=\"619ca50\" data-element_type=\"widget\" data-e-type=\"widget\" data-widget_type=\"heading.default\">\n\t\t\t\t\t<h2 class=\"elementor-heading-title elementor-size-default\">Les publicacions de la Marina i el Nicolas<\/h2>\t\t\t\t<\/div>\n\t\t\t\t\t<\/div>\n\t\t<\/div>\n\t\t\t\t\t<\/div>\n\t\t<\/section>\n\t\t\t\t<section class=\"elementor-section elementor-top-section elementor-element elementor-element-4e070c3 elementor-section-boxed elementor-section-height-default elementor-section-height-default\" data-id=\"4e070c3\" data-element_type=\"section\" data-e-type=\"section\">\n\t\t\t\t\t\t<div class=\"elementor-container elementor-column-gap-default\">\n\t\t\t\t\t<div class=\"elementor-column elementor-col-100 elementor-top-column elementor-element elementor-element-0ac9258\" data-id=\"0ac9258\" data-element_type=\"column\" data-e-type=\"column\">\n\t\t\t<div class=\"elementor-widget-wrap elementor-element-populated\">\n\t\t\t\t\t\t<div class=\"elementor-element elementor-element-bf1d4ee elementor-grid-3 elementor-grid-tablet-2 elementor-grid-mobile-1 elementor-posts--thumbnail-top elementor-widget elementor-widget-posts\" data-id=\"bf1d4ee\" data-element_type=\"widget\" data-e-type=\"widget\" data-settings=\"{&quot;classic_columns&quot;:&quot;3&quot;,&quot;classic_columns_tablet&quot;:&quot;2&quot;,&quot;classic_columns_mobile&quot;:&quot;1&quot;,&quot;classic_row_gap&quot;:{&quot;unit&quot;:&quot;px&quot;,&quot;size&quot;:35,&quot;sizes&quot;:[]},&quot;classic_row_gap_tablet&quot;:{&quot;unit&quot;:&quot;px&quot;,&quot;size&quot;:&quot;&quot;,&quot;sizes&quot;:[]},&quot;classic_row_gap_mobile&quot;:{&quot;unit&quot;:&quot;px&quot;,&quot;size&quot;:&quot;&quot;,&quot;sizes&quot;:[]}}\" data-widget_type=\"posts.classic\">\n\t\t\t\t<div class=\"elementor-widget-container\">\n\t\t\t\t\t\t\t<div class=\"elementor-posts-container elementor-posts elementor-posts--skin-classic elementor-grid\" role=\"list\">\n\t\t\t\t<article class=\"elementor-post elementor-grid-item post-4391 post type-post status-publish format-standard has-post-thumbnail hentry category-osteopatia-infantil category-actualidad category-entender-la-osteopatia\" role=\"listitem\">\n\t\t\t\t<a class=\"elementor-post__thumbnail__link\" href=\"https:\/\/malecotosteopatiabarcelona.com\/ca\/osteopatia-en-neonato\/\" tabindex=\"-1\" >\n\t\t\t<div class=\"elementor-post__thumbnail\"><img fetchpriority=\"high\" decoding=\"async\" width=\"600\" height=\"400\" src=\"https:\/\/malecotosteopatiabarcelona.com\/wp-content\/uploads\/2024\/05\/Colico-del-lactante-sintomas.jpg\" class=\"attachment-full size-full wp-image-3716\" alt=\"osteopatia en nounat\" title=\"\" srcset=\"https:\/\/malecotosteopatiabarcelona.com\/wp-content\/uploads\/2024\/05\/Colico-del-lactante-sintomas.jpg 600w, https:\/\/malecotosteopatiabarcelona.com\/wp-content\/uploads\/2024\/05\/Colico-del-lactante-sintomas-300x200.jpg 300w, https:\/\/malecotosteopatiabarcelona.com\/wp-content\/uploads\/2024\/05\/Colico-del-lactante-sintomas-18x12.jpg 18w\" sizes=\"(max-width: 600px) 100vw, 600px\" \/><\/div>\n\t\t<\/a>\n\t\t\t\t<div class=\"elementor-post__text\">\n\t\t\t\t<h3 class=\"elementor-post__title\">\n\t\t\t<a href=\"https:\/\/malecotosteopatiabarcelona.com\/ca\/osteopatia-en-neonato\/\" >\n\t\t\t\tOsteopatia en nounats: cures i beneficis des dels primers dies de vida\t\t\t<\/a>\n\t\t<\/h3>\n\t\t\t\t<div class=\"elementor-post__excerpt\">\n\t\t\t<p>Descobreix com l'osteopatia en nadons pot millorar el benestar del teu nad\u00f3. Apr\u00e8n sobre els beneficis per al seu desenvolupament f\u00edsic, digestiu i el seu son des dels primers dies de vida. Consulta un oste\u00f2pata especialitzat i assegura un comen\u00e7ament saludable.<\/p>\n\t\t<\/div>\n\t\t\n\t\t<a class=\"elementor-post__read-more\" href=\"https:\/\/malecotosteopatiabarcelona.com\/ca\/osteopatia-en-neonato\/\" aria-label=\"Read more about Osteopat\u00eda en neonato: cuidados y beneficios desde los primeros d\u00edas de vida\" tabindex=\"-1\" >\n\t\t\tLegir\t\t<\/a>\n\n\t\t\t\t<\/div>\n\t\t\t\t<\/article>\n\t\t\t\t<article class=\"elementor-post elementor-grid-item post-4236 post type-post status-publish format-standard has-post-thumbnail hentry category-actualidad category-entender-la-osteopatia\" role=\"listitem\">\n\t\t\t\t<a class=\"elementor-post__thumbnail__link\" href=\"https:\/\/malecotosteopatiabarcelona.com\/ca\/que-hace-un-osteopata\/\" tabindex=\"-1\" >\n\t\t\t<div class=\"elementor-post__thumbnail\"><img decoding=\"async\" width=\"1200\" height=\"800\" src=\"https:\/\/malecotosteopatiabarcelona.com\/wp-content\/uploads\/2024\/10\/Un-osteopata-profesional-realizando-una-manipulacion-cuidadosa-a-un-paciente-mostrando-que-hace-un-osteopata-en-una-sesion-tipica.jpg\" class=\"attachment-full size-full wp-image-4352\" alt=\"Un oste\u00f2pata professional realitzant una manipulaci\u00f3 acurada a un pacient, mostrant qu\u00e8 fa un oste\u00f2pata en una sessi\u00f3 t\u00edpica\" title=\"\" srcset=\"https:\/\/malecotosteopatiabarcelona.com\/wp-content\/uploads\/2024\/10\/Un-osteopata-profesional-realizando-una-manipulacion-cuidadosa-a-un-paciente-mostrando-que-hace-un-osteopata-en-una-sesion-tipica.jpg 1200w, https:\/\/malecotosteopatiabarcelona.com\/wp-content\/uploads\/2024\/10\/Un-osteopata-profesional-realizando-una-manipulacion-cuidadosa-a-un-paciente-mostrando-que-hace-un-osteopata-en-una-sesion-tipica-300x200.jpg 300w, https:\/\/malecotosteopatiabarcelona.com\/wp-content\/uploads\/2024\/10\/Un-osteopata-profesional-realizando-una-manipulacion-cuidadosa-a-un-paciente-mostrando-que-hace-un-osteopata-en-una-sesion-tipica-1024x683.jpg 1024w, https:\/\/malecotosteopatiabarcelona.com\/wp-content\/uploads\/2024\/10\/Un-osteopata-profesional-realizando-una-manipulacion-cuidadosa-a-un-paciente-mostrando-que-hace-un-osteopata-en-una-sesion-tipica-768x512.jpg 768w, https:\/\/malecotosteopatiabarcelona.com\/wp-content\/uploads\/2024\/10\/Un-osteopata-profesional-realizando-una-manipulacion-cuidadosa-a-un-paciente-mostrando-que-hace-un-osteopata-en-una-sesion-tipica-18x12.jpg 18w\" sizes=\"(max-width: 1200px) 100vw, 1200px\" \/><\/div>\n\t\t<\/a>\n\t\t\t\t<div class=\"elementor-post__text\">\n\t\t\t\t<h3 class=\"elementor-post__title\">\n\t\t\t<a href=\"https:\/\/malecotosteopatiabarcelona.com\/ca\/que-hace-un-osteopata\/\" >\n\t\t\t\tUn oste\u00f2pata \u00e9s un professional de la salut que es dedica al diagn\u00f2stic, tractament i prevenci\u00f3 de problemes relacionats amb el sistema musculoesquel\u00e8tic del cos. Utilitza t\u00e8cniques manuals, com ara massatges, estiraments i manipulacions, per restaurar la mobilitat i la funci\u00f3 de les articulacions, m\u00fasculs i teixits tous. L'objectiu \u00e9s millorar l'equilibri i la coordinaci\u00f3 del cos, alleujar el dolor i promoure la salut general.\t\t\t<\/a>\n\t\t<\/h3>\n\t\t\t\t<div class=\"elementor-post__excerpt\">\n\t\t\t<p>En aquest article, explorem el rol integral de l'oste\u00f2pata, les t\u00e8cniques que utilitza i els diversos beneficis que ofereix per a la salut. Des de l'alleujament del dolor fins a la millora del funcionament general del cos, descobreix com l'osteopatia pot ajudar-te a recuperar l'equilibri i millorar la teva qualitat de vida. Apr\u00e8n tamb\u00e9 sobre la formaci\u00f3 d'aquests professionals i com triar-ne un adequadament per assegurar tractaments efectius i segurs.<\/p>\n\t\t<\/div>\n\t\t\n\t\t<a class=\"elementor-post__read-more\" href=\"https:\/\/malecotosteopatiabarcelona.com\/ca\/que-hace-un-osteopata\/\" aria-label=\"Read more about \u00bfQu\u00e9 hace un oste\u00f3pata?\" tabindex=\"-1\" >\n\t\t\tLegir\t\t<\/a>\n\n\t\t\t\t<\/div>\n\t\t\t\t<\/article>\n\t\t\t\t<article class=\"elementor-post elementor-grid-item post-4232 post type-post status-publish format-standard has-post-thumbnail hentry category-actualidad category-entender-la-osteopatia\" role=\"listitem\">\n\t\t\t\t<a class=\"elementor-post__thumbnail__link\" href=\"https:\/\/malecotosteopatiabarcelona.com\/ca\/diferencia-entre-quiropractico-y-osteopata\/\" tabindex=\"-1\" >\n\t\t\t<div class=\"elementor-post__thumbnail\"><img decoding=\"async\" width=\"2048\" height=\"1365\" src=\"https:\/\/malecotosteopatiabarcelona.com\/wp-content\/uploads\/2024\/09\/pexels-karolina-grabowska-4506071-scaled.jpg\" class=\"attachment-full size-full wp-image-4272\" alt=\"Un quiropr\u00e0ctic es centra exclusivament en la columna vertebral i la seva relaci\u00f3 amb el sistema nervi\u00f3s. Utilitzen principalment ajustos manuals per corregir subluxacions vertebrals i millorar la funci\u00f3 nerviosa. L&#039;osteopatia t\u00e9 un enfocament m\u00e9s ampli, considerant tot el cos i la seva interconnexi\u00f3. Els oste\u00f2pates utilitzen una varietat de t\u00e8cniques manuals, incloent-hi ajustos, estiraments i massatges, per tractar problemes musculoesquel\u00e8tics, viscerals i cranials, buscant restaurar l&#039;equilibri general del cos.\" title=\"\" srcset=\"https:\/\/malecotosteopatiabarcelona.com\/wp-content\/uploads\/2024\/09\/pexels-karolina-grabowska-4506071-scaled.jpg 2048w, https:\/\/malecotosteopatiabarcelona.com\/wp-content\/uploads\/2024\/09\/pexels-karolina-grabowska-4506071-300x200.jpg 300w, https:\/\/malecotosteopatiabarcelona.com\/wp-content\/uploads\/2024\/09\/pexels-karolina-grabowska-4506071-1024x683.jpg 1024w, https:\/\/malecotosteopatiabarcelona.com\/wp-content\/uploads\/2024\/09\/pexels-karolina-grabowska-4506071-768x512.jpg 768w, https:\/\/malecotosteopatiabarcelona.com\/wp-content\/uploads\/2024\/09\/pexels-karolina-grabowska-4506071-1536x1024.jpg 1536w, https:\/\/malecotosteopatiabarcelona.com\/wp-content\/uploads\/2024\/09\/pexels-karolina-grabowska-4506071-18x12.jpg 18w\" sizes=\"(max-width: 2048px) 100vw, 2048px\" \/><\/div>\n\t\t<\/a>\n\t\t\t\t<div class=\"elementor-post__text\">\n\t\t\t\t<h3 class=\"elementor-post__title\">\n\t\t\t<a href=\"https:\/\/malecotosteopatiabarcelona.com\/ca\/diferencia-entre-quiropractico-y-osteopata\/\" >\n\t\t\t\tLa difer\u00e8ncia entre un quiropr\u00e0ctic i un oste\u00f2pata\t\t\t<\/a>\n\t\t<\/h3>\n\t\t\t\t<div class=\"elementor-post__excerpt\">\n\t\t\t<p>Explorem les difer\u00e8ncies essencials entre l'osteopatia i la quiropr\u00e0ctica, abordant els seus or\u00edgens, m\u00e8todes de tractament, \u00e0rees d'especialitzaci\u00f3, i l'evid\u00e8ncia cient\u00edfica que recolza cada pr\u00e0ctica. A m\u00e9s, discutim les regulacions que governen ambd\u00f3s camps i com la combinaci\u00f3 d'aquestes disciplines pot enriquir la cura de la salut. Aquesta an\u00e0lisi proporciona una guia clara per triar el tractament m\u00e9s adequat segons les necessitats individuals, destacant la import\u00e0ncia d'optar per professionals degudament certificats.<\/p>\n\t\t<\/div>\n\t\t\n\t\t<a class=\"elementor-post__read-more\" href=\"https:\/\/malecotosteopatiabarcelona.com\/ca\/diferencia-entre-quiropractico-y-osteopata\/\" aria-label=\"Read more about Diferencia entre quiropr\u00e1ctico y oste\u00f3pata\" tabindex=\"-1\" >\n\t\t\tLegir\t\t<\/a>\n\n\t\t\t\t<\/div>\n\t\t\t\t<\/article>\n\t\t\t\t<article class=\"elementor-post elementor-grid-item post-4215 post type-post status-publish format-standard has-post-thumbnail hentry category-actualidad\" role=\"listitem\">\n\t\t\t\t<a class=\"elementor-post__thumbnail__link\" href=\"https:\/\/malecotosteopatiabarcelona.com\/ca\/no-es-peligroso-ir-al-osteopata\/\" tabindex=\"-1\" >\n\t\t\t<div class=\"elementor-post__thumbnail\"><img loading=\"lazy\" decoding=\"async\" width=\"1500\" height=\"998\" src=\"https:\/\/malecotosteopatiabarcelona.com\/wp-content\/uploads\/2024\/07\/2149159088.jpg\" class=\"attachment-full size-full wp-image-4223\" alt=\"Article sobre els perills i beneficis de l&#039;osteopatia\" title=\"\" srcset=\"https:\/\/malecotosteopatiabarcelona.com\/wp-content\/uploads\/2024\/07\/2149159088.jpg 1500w, https:\/\/malecotosteopatiabarcelona.com\/wp-content\/uploads\/2024\/07\/2149159088-300x200.jpg 300w, https:\/\/malecotosteopatiabarcelona.com\/wp-content\/uploads\/2024\/07\/2149159088-1024x681.jpg 1024w, https:\/\/malecotosteopatiabarcelona.com\/wp-content\/uploads\/2024\/07\/2149159088-768x511.jpg 768w, https:\/\/malecotosteopatiabarcelona.com\/wp-content\/uploads\/2024\/07\/2149159088-18x12.jpg 18w\" sizes=\"(max-width: 1500px) 100vw, 1500px\" \/><\/div>\n\t\t<\/a>\n\t\t\t\t<div class=\"elementor-post__text\">\n\t\t\t\t<h3 class=\"elementor-post__title\">\n\t\t\t<a href=\"https:\/\/malecotosteopatiabarcelona.com\/ca\/no-es-peligroso-ir-al-osteopata\/\" >\n\t\t\t\t\u00c9s perill\u00f3s anar a l'oste\u00f2pata?\t\t\t<\/a>\n\t\t<\/h3>\n\t\t\t\t<div class=\"elementor-post__excerpt\">\n\t\t\t<p>Explora la seguretat i l'efic\u00e0cia de l'osteopatia, una alternativa de tractament segura quan \u00e9s practicada correctament. Apr\u00e8n com pot complementar altres tractaments m\u00e8dics per millorar la teva salut i benestar.<\/p>\n\t\t<\/div>\n\t\t\n\t\t<a class=\"elementor-post__read-more\" href=\"https:\/\/malecotosteopatiabarcelona.com\/ca\/no-es-peligroso-ir-al-osteopata\/\" aria-label=\"Read more about \u00bfEs peligroso ir al oste\u00f3pata?\" tabindex=\"-1\" >\n\t\t\tLegir\t\t<\/a>\n\n\t\t\t\t<\/div>\n\t\t\t\t<\/article>\n\t\t\t\t<article class=\"elementor-post elementor-grid-item post-4161 post type-post status-publish format-standard has-post-thumbnail hentry category-actualidad\" role=\"listitem\">\n\t\t\t\t<a class=\"elementor-post__thumbnail__link\" href=\"https:\/\/malecotosteopatiabarcelona.com\/ca\/diferencias-entre-fisioterapia-y-osteopatia\/\" tabindex=\"-1\" >\n\t\t\t<div class=\"elementor-post__thumbnail\"><img loading=\"lazy\" decoding=\"async\" width=\"1920\" height=\"1280\" src=\"https:\/\/malecotosteopatiabarcelona.com\/wp-content\/uploads\/2024\/06\/Diferencias-entre-fisioterapia-y-osteopatia.jpg\" class=\"attachment-full size-full wp-image-4201\" alt=\"Difer\u00e8ncies entre fisioter\u00e0pia i osteopatia\" title=\"\" srcset=\"https:\/\/malecotosteopatiabarcelona.com\/wp-content\/uploads\/2024\/06\/Diferencias-entre-fisioterapia-y-osteopatia.jpg 1920w, https:\/\/malecotosteopatiabarcelona.com\/wp-content\/uploads\/2024\/06\/Diferencias-entre-fisioterapia-y-osteopatia-300x200.jpg 300w, https:\/\/malecotosteopatiabarcelona.com\/wp-content\/uploads\/2024\/06\/Diferencias-entre-fisioterapia-y-osteopatia-1024x683.jpg 1024w, https:\/\/malecotosteopatiabarcelona.com\/wp-content\/uploads\/2024\/06\/Diferencias-entre-fisioterapia-y-osteopatia-768x512.jpg 768w, https:\/\/malecotosteopatiabarcelona.com\/wp-content\/uploads\/2024\/06\/Diferencias-entre-fisioterapia-y-osteopatia-1536x1024.jpg 1536w, https:\/\/malecotosteopatiabarcelona.com\/wp-content\/uploads\/2024\/06\/Diferencias-entre-fisioterapia-y-osteopatia-18x12.jpg 18w\" sizes=\"(max-width: 1920px) 100vw, 1920px\" \/><\/div>\n\t\t<\/a>\n\t\t\t\t<div class=\"elementor-post__text\">\n\t\t\t\t<h3 class=\"elementor-post__title\">\n\t\t\t<a href=\"https:\/\/malecotosteopatiabarcelona.com\/ca\/diferencias-entre-fisioterapia-y-osteopatia\/\" >\n\t\t\t\tDifer\u00e8ncies entre fisioter\u00e0pia i osteopatia: un enfocament integral\t\t\t<\/a>\n\t\t<\/h3>\n\t\t\t\t<div class=\"elementor-post__excerpt\">\n\t\t\t<p>Explorar les difer\u00e8ncies entre fisioter\u00e0pia i osteopatia \u00e9s essencial per entendre com cada disciplina aborda de manera \u00fanica l'alleujament del dolor i la millora de la funci\u00f3 corporal. Mentre que la fisioter\u00e0pia se centra en la rehabilitaci\u00f3 i el tractament espec\u00edfic de lesions mitjan\u00e7ant t\u00e8cniques i tecnologies avan\u00e7ades, l'osteopatia ofereix un enfocament m\u00e9s hol\u00edstic, tractant les interrelacions entre tots els sistemes del cos per promoure la salut general. Aquest article aprofundeix en els seus enfocaments, formaci\u00f3 i t\u00e8cniques, i com es poden complementar per oferir un tractament integral.<\/p>\n\t\t<\/div>\n\t\t\n\t\t<a class=\"elementor-post__read-more\" href=\"https:\/\/malecotosteopatiabarcelona.com\/ca\/diferencias-entre-fisioterapia-y-osteopatia\/\" aria-label=\"Read more about Diferencias entre fisioterapia y osteopat\u00eda: un enfoque integral\" tabindex=\"-1\" >\n\t\t\tLegir\t\t<\/a>\n\n\t\t\t\t<\/div>\n\t\t\t\t<\/article>\n\t\t\t\t<article class=\"elementor-post elementor-grid-item post-4153 post type-post status-publish format-standard has-post-thumbnail hentry category-actualidad category-dolor-de-espalda\" role=\"listitem\">\n\t\t\t\t<a class=\"elementor-post__thumbnail__link\" href=\"https:\/\/malecotosteopatiabarcelona.com\/ca\/artrosis-cervical\/\" tabindex=\"-1\" >\n\t\t\t<div class=\"elementor-post__thumbnail\"><img loading=\"lazy\" decoding=\"async\" width=\"1920\" height=\"1280\" src=\"https:\/\/malecotosteopatiabarcelona.com\/wp-content\/uploads\/2024\/06\/entender-la-artrosis-cervical.jpg\" class=\"attachment-full size-full wp-image-4197\" alt=\"entendre l&#039;artrosi cervical\" title=\"\" srcset=\"https:\/\/malecotosteopatiabarcelona.com\/wp-content\/uploads\/2024\/06\/entender-la-artrosis-cervical.jpg 1920w, https:\/\/malecotosteopatiabarcelona.com\/wp-content\/uploads\/2024\/06\/entender-la-artrosis-cervical-300x200.jpg 300w, https:\/\/malecotosteopatiabarcelona.com\/wp-content\/uploads\/2024\/06\/entender-la-artrosis-cervical-1024x683.jpg 1024w, https:\/\/malecotosteopatiabarcelona.com\/wp-content\/uploads\/2024\/06\/entender-la-artrosis-cervical-768x512.jpg 768w, https:\/\/malecotosteopatiabarcelona.com\/wp-content\/uploads\/2024\/06\/entender-la-artrosis-cervical-1536x1024.jpg 1536w, https:\/\/malecotosteopatiabarcelona.com\/wp-content\/uploads\/2024\/06\/entender-la-artrosis-cervical-18x12.jpg 18w\" sizes=\"(max-width: 1920px) 100vw, 1920px\" \/><\/div>\n\t\t<\/a>\n\t\t\t\t<div class=\"elementor-post__text\">\n\t\t\t\t<h3 class=\"elementor-post__title\">\n\t\t\t<a href=\"https:\/\/malecotosteopatiabarcelona.com\/ca\/artrosis-cervical\/\" >\n\t\t\t\tEntendre l'artrosi cervical: causes, s\u00edmptomes, progressi\u00f3 de la malaltia i tractaments efectius\t\t\t<\/a>\n\t\t<\/h3>\n\t\t\t\t<div class=\"elementor-post__excerpt\">\n\t\t\t<p>L'artrosi cervical, una forma de degeneraci\u00f3 de les articulacions del coll, pot causar un dolor significatiu i restricci\u00f3 del moviment, afectant la qualitat de vida. En el nostre \u00faltim article, explorem les causes subjacents d'aquesta condici\u00f3, els s\u00edmptomes alarmants i les estrat\u00e8gies efectives de tractament i prevenci\u00f3. Ent\u00e9n millor com la fisioter\u00e0pia, l'osteopatia i els canvis d'estil de vida poden ajudar a controlar els s\u00edmptomes i millorar la mobilitat. A m\u00e9s, oferim consells pr\u00e0ctics per aquells que busquen alleujar el dolor i millorar el seu benestar general relacionat amb l'artrosi cervical.<\/p>\n\t\t<\/div>\n\t\t\n\t\t<a class=\"elementor-post__read-more\" href=\"https:\/\/malecotosteopatiabarcelona.com\/ca\/artrosis-cervical\/\" aria-label=\"Read more about Entender la artrosis cervical: causas, s\u00edntomas, progresi\u00f3n de la enfermedad y tratamientos efectivos\" tabindex=\"-1\" >\n\t\t\tLegir\t\t<\/a>\n\n\t\t\t\t<\/div>\n\t\t\t\t<\/article>\n\t\t\t\t<\/div>\n\t\t\n\t\t\t\t\t\t<\/div>\n\t\t\t\t<\/div>\n\t\t\t\t\t<\/div>\n\t\t<\/div>\n\t\t\t\t\t<\/div>\n\t\t<\/section>\n\t\t\t\t<\/div>","protected":false},"excerpt":{"rendered":"<p>Les publicacions de la Marina i el Nicolas<\/p>","protected":false},"author":1,"featured_media":0,"parent":0,"menu_order":0,"comment_status":"closed","ping_status":"closed","template":"elementor_header_footer","meta":{"_joinchat":[],"footnotes":""},"class_list":["post-2029","page","type-page","status-publish","hentry"],"_links":{"self":[{"href":"https:\/\/malecotosteopatiabarcelona.com\/ca\/wp-json\/wp\/v2\/pages\/2029","targetHints":{"allow":["GET"]}}],"collection":[{"href":"https:\/\/malecotosteopatiabarcelona.com\/ca\/wp-json\/wp\/v2\/pages"}],"about":[{"href":"https:\/\/malecotosteopatiabarcelona.com\/ca\/wp-json\/wp\/v2\/types\/page"}],"author":[{"embeddable":true,"href":"https:\/\/malecotosteopatiabarcelona.com\/ca\/wp-json\/wp\/v2\/users\/1"}],"replies":[{"embeddable":true,"href":"https:\/\/malecotosteopatiabarcelona.com\/ca\/wp-json\/wp\/v2\/comments?post=2029"}],"version-history":[{"count":22,"href":"https:\/\/malecotosteopatiabarcelona.com\/ca\/wp-json\/wp\/v2\/pages\/2029\/revisions"}],"predecessor-version":[{"id":2178,"href":"https:\/\/malecotosteopatiabarcelona.com\/ca\/wp-json\/wp\/v2\/pages\/2029\/revisions\/2178"}],"wp:attachment":[{"href":"https:\/\/malecotosteopatiabarcelona.com\/ca\/wp-json\/wp\/v2\/media?parent=2029"}],"curies":[{"name":"wp","href":"https:\/\/api.w.org\/{rel}","templated":true}]}}