{"id":2029,"date":"2024-01-09T09:24:57","date_gmt":"2024-01-09T09:24:57","guid":{"rendered":"https:\/\/staging2.flowragency.be\/?page_id=2029"},"modified":"2024-04-03T08:16:46","modified_gmt":"2024-04-03T08:16:46","slug":"blog","status":"publish","type":"page","link":"https:\/\/malecotosteopatiabarcelona.com\/fr\/blog\/","title":{"rendered":"Blog"},"content":{"rendered":"<div data-elementor-type=\"wp-page\" data-elementor-id=\"2029\" class=\"elementor elementor-2029\" data-elementor-post-type=\"page\">\n\t\t\t\t\t\t<section class=\"elementor-section elementor-top-section elementor-element elementor-element-eeb310d elementor-section-boxed elementor-section-height-default elementor-section-height-default\" data-id=\"eeb310d\" data-element_type=\"section\" data-e-type=\"section\">\n\t\t\t\t\t\t<div class=\"elementor-container elementor-column-gap-default\">\n\t\t\t\t\t<div class=\"elementor-column elementor-col-100 elementor-top-column elementor-element elementor-element-986f385\" data-id=\"986f385\" data-element_type=\"column\" data-e-type=\"column\">\n\t\t\t<div class=\"elementor-widget-wrap elementor-element-populated\">\n\t\t\t\t\t\t<div class=\"elementor-element elementor-element-619ca50 elementor-widget elementor-widget-heading\" data-id=\"619ca50\" data-element_type=\"widget\" data-e-type=\"widget\" data-widget_type=\"heading.default\">\n\t\t\t\t\t<h2 class=\"elementor-heading-title elementor-size-default\">Les publications de Marina et Nicolas<\/h2>\t\t\t\t<\/div>\n\t\t\t\t\t<\/div>\n\t\t<\/div>\n\t\t\t\t\t<\/div>\n\t\t<\/section>\n\t\t\t\t<section class=\"elementor-section elementor-top-section elementor-element elementor-element-4e070c3 elementor-section-boxed elementor-section-height-default elementor-section-height-default\" data-id=\"4e070c3\" data-element_type=\"section\" data-e-type=\"section\">\n\t\t\t\t\t\t<div class=\"elementor-container elementor-column-gap-default\">\n\t\t\t\t\t<div class=\"elementor-column elementor-col-100 elementor-top-column elementor-element elementor-element-0ac9258\" data-id=\"0ac9258\" data-element_type=\"column\" data-e-type=\"column\">\n\t\t\t<div class=\"elementor-widget-wrap elementor-element-populated\">\n\t\t\t\t\t\t<div class=\"elementor-element elementor-element-bf1d4ee elementor-grid-3 elementor-grid-tablet-2 elementor-grid-mobile-1 elementor-posts--thumbnail-top elementor-widget elementor-widget-posts\" data-id=\"bf1d4ee\" data-element_type=\"widget\" data-e-type=\"widget\" data-settings=\"{&quot;classic_columns&quot;:&quot;3&quot;,&quot;classic_columns_tablet&quot;:&quot;2&quot;,&quot;classic_columns_mobile&quot;:&quot;1&quot;,&quot;classic_row_gap&quot;:{&quot;unit&quot;:&quot;px&quot;,&quot;size&quot;:35,&quot;sizes&quot;:[]},&quot;classic_row_gap_tablet&quot;:{&quot;unit&quot;:&quot;px&quot;,&quot;size&quot;:&quot;&quot;,&quot;sizes&quot;:[]},&quot;classic_row_gap_mobile&quot;:{&quot;unit&quot;:&quot;px&quot;,&quot;size&quot;:&quot;&quot;,&quot;sizes&quot;:[]}}\" data-widget_type=\"posts.classic\">\n\t\t\t\t<div class=\"elementor-widget-container\">\n\t\t\t\t\t\t\t<div class=\"elementor-posts-container elementor-posts elementor-posts--skin-classic elementor-grid\" role=\"list\">\n\t\t\t\t<article class=\"elementor-post elementor-grid-item post-4391 post type-post status-publish format-standard has-post-thumbnail hentry category-osteopatia-infantil category-actualidad category-entender-la-osteopatia\" role=\"listitem\">\n\t\t\t\t<a class=\"elementor-post__thumbnail__link\" href=\"https:\/\/malecotosteopatiabarcelona.com\/fr\/osteopatia-en-neonato\/\" tabindex=\"-1\" >\n\t\t\t<div class=\"elementor-post__thumbnail\"><img fetchpriority=\"high\" decoding=\"async\" width=\"600\" height=\"400\" src=\"https:\/\/malecotosteopatiabarcelona.com\/wp-content\/uploads\/2024\/05\/Colico-del-lactante-sintomas.jpg\" class=\"attachment-full size-full wp-image-3716\" alt=\"l&#039;ost\u00e9opathie chez les nouveau-n\u00e9s\" title=\"\" srcset=\"https:\/\/malecotosteopatiabarcelona.com\/wp-content\/uploads\/2024\/05\/Colico-del-lactante-sintomas.jpg 600w, https:\/\/malecotosteopatiabarcelona.com\/wp-content\/uploads\/2024\/05\/Colico-del-lactante-sintomas-300x200.jpg 300w, https:\/\/malecotosteopatiabarcelona.com\/wp-content\/uploads\/2024\/05\/Colico-del-lactante-sintomas-18x12.jpg 18w\" sizes=\"(max-width: 600px) 100vw, 600px\" \/><\/div>\n\t\t<\/a>\n\t\t\t\t<div class=\"elementor-post__text\">\n\t\t\t\t<h3 class=\"elementor-post__title\">\n\t\t\t<a href=\"https:\/\/malecotosteopatiabarcelona.com\/fr\/osteopatia-en-neonato\/\" >\n\t\t\t\tL'ost\u00e9opathie chez le nouveau-n\u00e9 : soins et b\u00e9n\u00e9fices d\u00e8s les premiers jours de vie\t\t\t<\/a>\n\t\t<\/h3>\n\t\t\t\t<div class=\"elementor-post__excerpt\">\n\t\t\t<p>D\u00e9couvrez comment l'ost\u00e9opathie chez le nouveau-n\u00e9 peut am\u00e9liorer le bien-\u00eatre de votre b\u00e9b\u00e9. D\u00e9couvrez les b\u00e9n\u00e9fices pour son d\u00e9veloppement physique, digestif et son sommeil d\u00e8s les premiers jours de vie. Consultez un ost\u00e9opathe sp\u00e9cialis\u00e9 et assurez-vous d'un bon d\u00e9part.<\/p>\n\t\t<\/div>\n\t\t\n\t\t<a class=\"elementor-post__read-more\" href=\"https:\/\/malecotosteopatiabarcelona.com\/fr\/osteopatia-en-neonato\/\" aria-label=\"En savoir plus sur Osteopat\u00eda en neonato: cuidados y beneficios desde los primeros d\u00edas de vida\" tabindex=\"-1\" >\n\t\t\tEn savoir plus\t\t<\/a>\n\n\t\t\t\t<\/div>\n\t\t\t\t<\/article>\n\t\t\t\t<article class=\"elementor-post elementor-grid-item post-4236 post type-post status-publish format-standard has-post-thumbnail hentry category-actualidad category-entender-la-osteopatia\" role=\"listitem\">\n\t\t\t\t<a class=\"elementor-post__thumbnail__link\" href=\"https:\/\/malecotosteopatiabarcelona.com\/fr\/que-hace-un-osteopata\/\" tabindex=\"-1\" >\n\t\t\t<div class=\"elementor-post__thumbnail\"><img decoding=\"async\" width=\"1200\" height=\"800\" src=\"https:\/\/malecotosteopatiabarcelona.com\/wp-content\/uploads\/2024\/10\/Un-osteopata-profesional-realizando-una-manipulacion-cuidadosa-a-un-paciente-mostrando-que-hace-un-osteopata-en-una-sesion-tipica.jpg\" class=\"attachment-full size-full wp-image-4352\" alt=\"Un ost\u00e9opathe professionnel effectuant une manipulation douce sur un patient, montrant ce que fait un ost\u00e9opathe lors d&#039;une s\u00e9ance typique.\" title=\"\" srcset=\"https:\/\/malecotosteopatiabarcelona.com\/wp-content\/uploads\/2024\/10\/Un-osteopata-profesional-realizando-una-manipulacion-cuidadosa-a-un-paciente-mostrando-que-hace-un-osteopata-en-una-sesion-tipica.jpg 1200w, https:\/\/malecotosteopatiabarcelona.com\/wp-content\/uploads\/2024\/10\/Un-osteopata-profesional-realizando-una-manipulacion-cuidadosa-a-un-paciente-mostrando-que-hace-un-osteopata-en-una-sesion-tipica-300x200.jpg 300w, https:\/\/malecotosteopatiabarcelona.com\/wp-content\/uploads\/2024\/10\/Un-osteopata-profesional-realizando-una-manipulacion-cuidadosa-a-un-paciente-mostrando-que-hace-un-osteopata-en-una-sesion-tipica-1024x683.jpg 1024w, https:\/\/malecotosteopatiabarcelona.com\/wp-content\/uploads\/2024\/10\/Un-osteopata-profesional-realizando-una-manipulacion-cuidadosa-a-un-paciente-mostrando-que-hace-un-osteopata-en-una-sesion-tipica-768x512.jpg 768w, https:\/\/malecotosteopatiabarcelona.com\/wp-content\/uploads\/2024\/10\/Un-osteopata-profesional-realizando-una-manipulacion-cuidadosa-a-un-paciente-mostrando-que-hace-un-osteopata-en-una-sesion-tipica-18x12.jpg 18w\" sizes=\"(max-width: 1200px) 100vw, 1200px\" \/><\/div>\n\t\t<\/a>\n\t\t\t\t<div class=\"elementor-post__text\">\n\t\t\t\t<h3 class=\"elementor-post__title\">\n\t\t\t<a href=\"https:\/\/malecotosteopatiabarcelona.com\/fr\/que-hace-un-osteopata\/\" >\n\t\t\t\tQue fait un ost\u00e9opathe ?\t\t\t<\/a>\n\t\t<\/h3>\n\t\t\t\t<div class=\"elementor-post__excerpt\">\n\t\t\t<p>Dans cet article, nous explorons le r\u00f4le holistique de l'ost\u00e9opathe, les techniques qu'il utilise et les divers avantages qu'il offre en mati\u00e8re de sant\u00e9. Du soulagement de la douleur \u00e0 l'am\u00e9lioration du fonctionnement g\u00e9n\u00e9ral du corps, d\u00e9couvrez comment l'ost\u00e9opathie peut vous aider \u00e0 retrouver l'\u00e9quilibre et \u00e0 am\u00e9liorer votre qualit\u00e9 de vie. Renseignez-vous \u00e9galement sur la formation de ces praticiens et sur la mani\u00e8re de choisir le bon pour garantir des traitements s\u00fbrs et efficaces.<\/p>\n\t\t<\/div>\n\t\t\n\t\t<a class=\"elementor-post__read-more\" href=\"https:\/\/malecotosteopatiabarcelona.com\/fr\/que-hace-un-osteopata\/\" aria-label=\"En savoir plus sur Que fait l&#039;ost\u00e9opathe ?\" tabindex=\"-1\" >\n\t\t\tEn savoir plus\t\t<\/a>\n\n\t\t\t\t<\/div>\n\t\t\t\t<\/article>\n\t\t\t\t<article class=\"elementor-post elementor-grid-item post-4232 post type-post status-publish format-standard has-post-thumbnail hentry category-actualidad category-entender-la-osteopatia\" role=\"listitem\">\n\t\t\t\t<a class=\"elementor-post__thumbnail__link\" href=\"https:\/\/malecotosteopatiabarcelona.com\/fr\/diferencia-entre-quiropractico-y-osteopata\/\" tabindex=\"-1\" >\n\t\t\t<div class=\"elementor-post__thumbnail\"><img decoding=\"async\" width=\"2048\" height=\"1365\" src=\"https:\/\/malecotosteopatiabarcelona.com\/wp-content\/uploads\/2024\/09\/pexels-karolina-grabowska-4506071-scaled.jpg\" class=\"attachment-full size-full wp-image-4272\" alt=\"Diff\u00e9rence entre chiropracteur et ost\u00e9opathe\" title=\"\" srcset=\"https:\/\/malecotosteopatiabarcelona.com\/wp-content\/uploads\/2024\/09\/pexels-karolina-grabowska-4506071-scaled.jpg 2048w, https:\/\/malecotosteopatiabarcelona.com\/wp-content\/uploads\/2024\/09\/pexels-karolina-grabowska-4506071-300x200.jpg 300w, https:\/\/malecotosteopatiabarcelona.com\/wp-content\/uploads\/2024\/09\/pexels-karolina-grabowska-4506071-1024x683.jpg 1024w, https:\/\/malecotosteopatiabarcelona.com\/wp-content\/uploads\/2024\/09\/pexels-karolina-grabowska-4506071-768x512.jpg 768w, https:\/\/malecotosteopatiabarcelona.com\/wp-content\/uploads\/2024\/09\/pexels-karolina-grabowska-4506071-1536x1024.jpg 1536w, https:\/\/malecotosteopatiabarcelona.com\/wp-content\/uploads\/2024\/09\/pexels-karolina-grabowska-4506071-18x12.jpg 18w\" sizes=\"(max-width: 2048px) 100vw, 2048px\" \/><\/div>\n\t\t<\/a>\n\t\t\t\t<div class=\"elementor-post__text\">\n\t\t\t\t<h3 class=\"elementor-post__title\">\n\t\t\t<a href=\"https:\/\/malecotosteopatiabarcelona.com\/fr\/diferencia-entre-quiropractico-y-osteopata\/\" >\n\t\t\t\tDiff\u00e9rence entre chiropracteur et ost\u00e9opathe\t\t\t<\/a>\n\t\t<\/h3>\n\t\t\t\t<div class=\"elementor-post__excerpt\">\n\t\t\t<p>Nous explorons les diff\u00e9rences essentielles entre l'ost\u00e9opathie et la chiropraxie, en abordant leurs origines, leurs m\u00e9thodes de traitement, leurs domaines de sp\u00e9cialisation et les preuves scientifiques \u00e0 l'appui de chaque pratique. En outre, nous examinons les r\u00e9glementations r\u00e9gissant les deux domaines et la mani\u00e8re dont la combinaison de ces disciplines peut enrichir les soins de sant\u00e9. Cette analyse fournit un guide clair pour choisir le traitement le plus appropri\u00e9 aux besoins individuels, en soulignant l'importance d'opter pour des praticiens d\u00fbment certifi\u00e9s.<\/p>\n\t\t<\/div>\n\t\t\n\t\t<a class=\"elementor-post__read-more\" href=\"https:\/\/malecotosteopatiabarcelona.com\/fr\/diferencia-entre-quiropractico-y-osteopata\/\" aria-label=\"En savoir plus sur Diff\u00e9rence entre chiropracteur et ost\u00e9opathe\" tabindex=\"-1\" >\n\t\t\tEn savoir plus\t\t<\/a>\n\n\t\t\t\t<\/div>\n\t\t\t\t<\/article>\n\t\t\t\t<article class=\"elementor-post elementor-grid-item post-4215 post type-post status-publish format-standard has-post-thumbnail hentry category-actualidad\" role=\"listitem\">\n\t\t\t\t<a class=\"elementor-post__thumbnail__link\" href=\"https:\/\/malecotosteopatiabarcelona.com\/fr\/no-es-peligroso-ir-al-osteopata\/\" tabindex=\"-1\" >\n\t\t\t<div class=\"elementor-post__thumbnail\"><img loading=\"lazy\" decoding=\"async\" width=\"1500\" height=\"998\" src=\"https:\/\/malecotosteopatiabarcelona.com\/wp-content\/uploads\/2024\/07\/2149159088.jpg\" class=\"attachment-full size-full wp-image-4223\" alt=\"Article sur les dangers et les bienfaits de l&#039;ost\u00e9opathie\" title=\"\" srcset=\"https:\/\/malecotosteopatiabarcelona.com\/wp-content\/uploads\/2024\/07\/2149159088.jpg 1500w, https:\/\/malecotosteopatiabarcelona.com\/wp-content\/uploads\/2024\/07\/2149159088-300x200.jpg 300w, https:\/\/malecotosteopatiabarcelona.com\/wp-content\/uploads\/2024\/07\/2149159088-1024x681.jpg 1024w, https:\/\/malecotosteopatiabarcelona.com\/wp-content\/uploads\/2024\/07\/2149159088-768x511.jpg 768w, https:\/\/malecotosteopatiabarcelona.com\/wp-content\/uploads\/2024\/07\/2149159088-18x12.jpg 18w\" sizes=\"(max-width: 1500px) 100vw, 1500px\" \/><\/div>\n\t\t<\/a>\n\t\t\t\t<div class=\"elementor-post__text\">\n\t\t\t\t<h3 class=\"elementor-post__title\">\n\t\t\t<a href=\"https:\/\/malecotosteopatiabarcelona.com\/fr\/no-es-peligroso-ir-al-osteopata\/\" >\n\t\t\t\tEst-il dangereux de consulter un ost\u00e9opathe ?\t\t\t<\/a>\n\t\t<\/h3>\n\t\t\t\t<div class=\"elementor-post__excerpt\">\n\t\t\t<p>D\u00e9couvrez la s\u00e9curit\u00e9 et l'efficacit\u00e9 de l'ost\u00e9opathie, une alternative th\u00e9rapeutique s\u00fbre lorsqu'elle est pratiqu\u00e9e correctement. Apprenez comment elle peut compl\u00e9ter d'autres traitements m\u00e9dicaux pour am\u00e9liorer votre sant\u00e9 et votre bien-\u00eatre.<\/p>\n\t\t<\/div>\n\t\t\n\t\t<a class=\"elementor-post__read-more\" href=\"https:\/\/malecotosteopatiabarcelona.com\/fr\/no-es-peligroso-ir-al-osteopata\/\" aria-label=\"En savoir plus sur Est-il dangereux d&#039;aller chez un ost\u00e9opathe ?\" tabindex=\"-1\" >\n\t\t\tEn savoir plus\t\t<\/a>\n\n\t\t\t\t<\/div>\n\t\t\t\t<\/article>\n\t\t\t\t<article class=\"elementor-post elementor-grid-item post-4161 post type-post status-publish format-standard has-post-thumbnail hentry category-actualidad\" role=\"listitem\">\n\t\t\t\t<a class=\"elementor-post__thumbnail__link\" href=\"https:\/\/malecotosteopatiabarcelona.com\/fr\/diferencias-entre-fisioterapia-y-osteopatia\/\" tabindex=\"-1\" >\n\t\t\t<div class=\"elementor-post__thumbnail\"><img loading=\"lazy\" decoding=\"async\" width=\"1920\" height=\"1280\" src=\"https:\/\/malecotosteopatiabarcelona.com\/wp-content\/uploads\/2024\/06\/Diferencias-entre-fisioterapia-y-osteopatia.jpg\" class=\"attachment-full size-full wp-image-4201\" alt=\"Diff\u00e9rences entre la physioth\u00e9rapie et l&#039;ost\u00e9opathie\" title=\"\" srcset=\"https:\/\/malecotosteopatiabarcelona.com\/wp-content\/uploads\/2024\/06\/Diferencias-entre-fisioterapia-y-osteopatia.jpg 1920w, https:\/\/malecotosteopatiabarcelona.com\/wp-content\/uploads\/2024\/06\/Diferencias-entre-fisioterapia-y-osteopatia-300x200.jpg 300w, https:\/\/malecotosteopatiabarcelona.com\/wp-content\/uploads\/2024\/06\/Diferencias-entre-fisioterapia-y-osteopatia-1024x683.jpg 1024w, https:\/\/malecotosteopatiabarcelona.com\/wp-content\/uploads\/2024\/06\/Diferencias-entre-fisioterapia-y-osteopatia-768x512.jpg 768w, https:\/\/malecotosteopatiabarcelona.com\/wp-content\/uploads\/2024\/06\/Diferencias-entre-fisioterapia-y-osteopatia-1536x1024.jpg 1536w, https:\/\/malecotosteopatiabarcelona.com\/wp-content\/uploads\/2024\/06\/Diferencias-entre-fisioterapia-y-osteopatia-18x12.jpg 18w\" sizes=\"(max-width: 1920px) 100vw, 1920px\" \/><\/div>\n\t\t<\/a>\n\t\t\t\t<div class=\"elementor-post__text\">\n\t\t\t\t<h3 class=\"elementor-post__title\">\n\t\t\t<a href=\"https:\/\/malecotosteopatiabarcelona.com\/fr\/diferencias-entre-fisioterapia-y-osteopatia\/\" >\n\t\t\t\tDiff\u00e9rences entre la physioth\u00e9rapie et l'ost\u00e9opathie : une approche holistique\t\t\t<\/a>\n\t\t<\/h3>\n\t\t\t\t<div class=\"elementor-post__excerpt\">\n\t\t\t<p>Il est essentiel d'explorer les diff\u00e9rences entre la physioth\u00e9rapie et l'ost\u00e9opathie pour comprendre comment chaque discipline aborde de mani\u00e8re unique le soulagement de la douleur et l'am\u00e9lioration des fonctions corporelles. Alors que la physioth\u00e9rapie se concentre sur la r\u00e9\u00e9ducation et le traitement sp\u00e9cifique des blessures en utilisant des techniques et des technologies avanc\u00e9es, l'ost\u00e9opathie offre une approche plus holistique, s'int\u00e9ressant aux interrelations entre tous les syst\u00e8mes du corps afin de promouvoir la sant\u00e9 globale. Cet article examine leurs approches, leur formation et leurs techniques, ainsi que la mani\u00e8re dont elles peuvent se compl\u00e9ter pour offrir un traitement holistique.<\/p>\n\t\t<\/div>\n\t\t\n\t\t<a class=\"elementor-post__read-more\" href=\"https:\/\/malecotosteopatiabarcelona.com\/fr\/diferencias-entre-fisioterapia-y-osteopatia\/\" aria-label=\"En savoir plus sur Diff\u00e9rences entre physioth\u00e9rapie et ost\u00e9opathie : une approche int\u00e9gr\u00e9e\" tabindex=\"-1\" >\n\t\t\tEn savoir plus\t\t<\/a>\n\n\t\t\t\t<\/div>\n\t\t\t\t<\/article>\n\t\t\t\t<article class=\"elementor-post elementor-grid-item post-4153 post type-post status-publish format-standard has-post-thumbnail hentry category-actualidad category-dolor-de-espalda\" role=\"listitem\">\n\t\t\t\t<a class=\"elementor-post__thumbnail__link\" href=\"https:\/\/malecotosteopatiabarcelona.com\/fr\/artrosis-cervical\/\" tabindex=\"-1\" >\n\t\t\t<div class=\"elementor-post__thumbnail\"><img loading=\"lazy\" decoding=\"async\" width=\"1920\" height=\"1280\" src=\"https:\/\/malecotosteopatiabarcelona.com\/wp-content\/uploads\/2024\/06\/entender-la-artrosis-cervical.jpg\" class=\"attachment-full size-full wp-image-4197\" alt=\"comprendre l&#039;arthrose cervicale\" title=\"\" srcset=\"https:\/\/malecotosteopatiabarcelona.com\/wp-content\/uploads\/2024\/06\/entender-la-artrosis-cervical.jpg 1920w, https:\/\/malecotosteopatiabarcelona.com\/wp-content\/uploads\/2024\/06\/entender-la-artrosis-cervical-300x200.jpg 300w, https:\/\/malecotosteopatiabarcelona.com\/wp-content\/uploads\/2024\/06\/entender-la-artrosis-cervical-1024x683.jpg 1024w, https:\/\/malecotosteopatiabarcelona.com\/wp-content\/uploads\/2024\/06\/entender-la-artrosis-cervical-768x512.jpg 768w, https:\/\/malecotosteopatiabarcelona.com\/wp-content\/uploads\/2024\/06\/entender-la-artrosis-cervical-1536x1024.jpg 1536w, https:\/\/malecotosteopatiabarcelona.com\/wp-content\/uploads\/2024\/06\/entender-la-artrosis-cervical-18x12.jpg 18w\" sizes=\"(max-width: 1920px) 100vw, 1920px\" \/><\/div>\n\t\t<\/a>\n\t\t\t\t<div class=\"elementor-post__text\">\n\t\t\t\t<h3 class=\"elementor-post__title\">\n\t\t\t<a href=\"https:\/\/malecotosteopatiabarcelona.com\/fr\/artrosis-cervical\/\" >\n\t\t\t\tComprendre l'arthrose cervicale : causes, sympt\u00f4mes, \u00e9volution de la maladie et traitements efficaces\t\t\t<\/a>\n\t\t<\/h3>\n\t\t\t\t<div class=\"elementor-post__excerpt\">\n\t\t\t<p>L'arthrose cervicale, une forme de d\u00e9g\u00e9n\u00e9rescence des articulations du cou, peut entra\u00eener des douleurs importantes et une limitation des mouvements, affectant ainsi la qualit\u00e9 de vie. Dans notre dernier article, nous explorons les causes sous-jacentes de cette affection, les sympt\u00f4mes alarmants et les strat\u00e9gies de traitement et de pr\u00e9vention efficaces. Vous comprendrez mieux comment la physioth\u00e9rapie, l'ost\u00e9opathie et les changements de mode de vie peuvent aider \u00e0 contr\u00f4ler les sympt\u00f4mes et \u00e0 am\u00e9liorer la mobilit\u00e9. En outre, nous offrons des conseils pratiques \u00e0 ceux qui cherchent \u00e0 soulager la douleur et \u00e0 am\u00e9liorer leur bien-\u00eatre g\u00e9n\u00e9ral li\u00e9 \u00e0 l'arthrose cervicale.<\/p>\n\t\t<\/div>\n\t\t\n\t\t<a class=\"elementor-post__read-more\" href=\"https:\/\/malecotosteopatiabarcelona.com\/fr\/artrosis-cervical\/\" aria-label=\"En savoir plus sur Comprendre l&#039;arthrose cervicale : causes, sympt\u00f4mes, \u00e9volution de la maladie et traitements efficaces\" tabindex=\"-1\" >\n\t\t\tEn savoir plus\t\t<\/a>\n\n\t\t\t\t<\/div>\n\t\t\t\t<\/article>\n\t\t\t\t<\/div>\n\t\t\n\t\t\t\t\t\t<\/div>\n\t\t\t\t<\/div>\n\t\t\t\t\t<\/div>\n\t\t<\/div>\n\t\t\t\t\t<\/div>\n\t\t<\/section>\n\t\t\t\t<\/div>","protected":false},"excerpt":{"rendered":"<p>Les publications de Marina et Nicolas<\/p>","protected":false},"author":1,"featured_media":0,"parent":0,"menu_order":0,"comment_status":"closed","ping_status":"closed","template":"elementor_header_footer","meta":{"_joinchat":[],"footnotes":""},"class_list":["post-2029","page","type-page","status-publish","hentry"],"_links":{"self":[{"href":"https:\/\/malecotosteopatiabarcelona.com\/fr\/wp-json\/wp\/v2\/pages\/2029","targetHints":{"allow":["GET"]}}],"collection":[{"href":"https:\/\/malecotosteopatiabarcelona.com\/fr\/wp-json\/wp\/v2\/pages"}],"about":[{"href":"https:\/\/malecotosteopatiabarcelona.com\/fr\/wp-json\/wp\/v2\/types\/page"}],"author":[{"embeddable":true,"href":"https:\/\/malecotosteopatiabarcelona.com\/fr\/wp-json\/wp\/v2\/users\/1"}],"replies":[{"embeddable":true,"href":"https:\/\/malecotosteopatiabarcelona.com\/fr\/wp-json\/wp\/v2\/comments?post=2029"}],"version-history":[{"count":22,"href":"https:\/\/malecotosteopatiabarcelona.com\/fr\/wp-json\/wp\/v2\/pages\/2029\/revisions"}],"predecessor-version":[{"id":2178,"href":"https:\/\/malecotosteopatiabarcelona.com\/fr\/wp-json\/wp\/v2\/pages\/2029\/revisions\/2178"}],"wp:attachment":[{"href":"https:\/\/malecotosteopatiabarcelona.com\/fr\/wp-json\/wp\/v2\/media?parent=2029"}],"curies":[{"name":"wp","href":"https:\/\/api.w.org\/{rel}","templated":true}]}}